{"id":19,"date":"2009-12-11T11:50:53","date_gmt":"2009-12-11T16:50:53","guid":{"rendered":"https:\/\/www.associazionecaracas.it\/?page_id=19"},"modified":"2019-10-16T15:36:53","modified_gmt":"2019-10-16T13:36:53","slug":"spettacoli","status":"publish","type":"page","link":"https:\/\/www.associazionecaracas.it\/?page_id=19","title":{"rendered":"Spettacoli per le Scuole"},"content":{"rendered":"<p>Da diversi anni l\u2019Associazione CARACAS, per agevolare le scolaresche della nostra Regione, offre la possibilit\u00e0 di assistere a veri e propri spettacoli teatrali presso le sedi scolastiche stesse. Inoltre, la Caracas, per la realizzazione degli spettacoli sotto elencati, si far\u00e0 carico di tutto il materiale occorrente (impianti audio, scene teatrali, costumi, ecc\u2026)<\/p>\n<p><strong>Nella scelta e nella realizzazione dei copioni si \u00e8 tenuto conto dell\u2019esigenza di far convergere l\u2019azione ludica e quella didattica.<\/strong><\/p>\n<p>Le Rappresentazioni sono adattabili a diversi spazi, sia al chiuso che all\u2019aperto (teatri, scuole, palestre, biblioteche\u2026) e vedranno la partecipazione di attori professionisti.<\/p>\n<table style=\"width: 300px; height: 457px; text-align: center;\" border=\"1\">\n<tbody>\n<tr>\n<td>\n<p style=\"text-align: center;\"><a href=\"https:\/\/www.associazionecaracas.it\/?page_id=2705\"><img loading=\"lazy\" decoding=\"async\" class=\"aligncenter\" src=\"https:\/\/www.associazionecaracas.it\/img\/tasto_natale.jpg\" alt=\"Spettacoli di Natale\" width=\"134\" height=\"210\" \/><\/a><\/p>\n<p><a href=\"https:\/\/www.associazionecaracas.it\/?page_id=2719\"><img loading=\"lazy\" decoding=\"async\" class=\"aligncenter\" src=\"https:\/\/www.associazionecaracas.it\/img\/tasto_carnevale2.png\" alt=\"Spettacoli di Carnevale\" width=\"126\" height=\"197\" \/><\/a><\/td>\n<\/tr>\n<\/tbody>\n<\/table>\n<p style=\"text-align: center;\"><strong>\u00a0<\/strong><strong>DI SEGUITO LE ALTRE PRODUZIONI DELL&#8217;ASSOCIAZIONE CARACAS\u00a0<\/strong><\/p>\n<p><strong>PULCINELLA VA IN VACANZA\u2026e COLOMBINA?<br \/>\n<\/strong>Una vera e propria festa di fine anno, con animazione, musica e balli e tanto tanto divertimento. Pulcinella, Colombina e gli alunni, infatti, saluteranno la conclusione dell\u2019anno scolastico nel modo pi\u00f9 divertente e coinvolgente possibile.<\/p>\n<p><strong>\u00a0<\/strong><strong>MASANIELLO CARNEFICE E VITTIMA <\/strong><em>di\u00a0\u00a0Alberto D&#8217;Angelo<\/em><strong><br \/>\n<\/strong>Una drammatizzazione storica della rivoluzione\u00a0 popolare del XVII secolo (Piazza Mercato 7-16 Luglio del 1647). La rappresentazione teatrale narra la storia di un \u201cpescivendolo\u201d chiamato Masaniello, che fece sollevare la plebe napoletana e, malgrado la forza degli spagnoli, usurp\u00f2 l\u2019autorit\u00e0 regale.S\u2019impossess\u00f2 delle dogane; spogli\u00f2 i funzionari di tutti i beni ed i mobili\u00a0 , e fece bruciare pubblicamente tutte queste immense ricchezze in mezzo alla citt\u00e0 , senza che nessuno tra quella\u00a0 folla\u00a0 confusa di rivoltosi volesse approfittare di un bene che riteneva ingiustamente procurato. Questo miracolo dur\u00f2 soltanto 15 giorni,Masaniello che portava a compimento imprese cos\u00ec notevoli con tanta fortuna gloria e abilit\u00e0 perdette improvvisamente il senno e mor\u00ec pazzo in ventiquattro ore. Ci sar\u00e0 tra i protagonisti il solito, Pulcinella, il quale cercher\u00e0 di sdrammatizzare ironicamente,\u00a0 come suo solito le circostanze\u00a0 emotivamente pi\u00f9 intense.Un linguaggio studiato accuratamente render\u00e0 accessibile e scorrevole la recita, coinvolgendo\u00a0 immediatamente\u00a0 tutti coloro che saranno spettatori.<strong>\u00a0<\/strong><\/p>\n<p><strong>LA PASSIONE DI CRISTO<br \/>\n<\/strong>Spettacolo dai toni altamente emotivi, in cui viene drammatizzata la \u201cstoria\u201d della\u00a0 crocifissione di Cristo Nostro Signore.<\/p>\n<p>\u2018<strong>E VVOCE\u00a0 \u2018E\u00a0 NAPULE\u00a0\u00a0 di R. Viviani<br \/>\n<\/strong><em>Libero adattamento di Armando Chartier<\/em>Un insieme di \u201cvoci\u201d\u00a0 che attraversano l&#8217;anima della citt\u00e0. Uno spaccato di vicoli, gioie,\u00a0 dolori, speranze di una citt\u00e0 alla ricerca di se stessa. Le voci di Napoli possono trasmettere messaggi d\u2019amore, messaggi di odio, ma soprattutto, attraverso\u00a0le ferite\u00a0\u00a0della citt\u00e0, si esprimono violente e malinconiche allo stesso tempo, le grida <em>cantanti<\/em> della strada.<\/p>\n<p><strong>I MORTI\u00a0NON FANNO PAURA \u00a0e\u00a0 PERICOLOSAMENTE<br \/>\n<\/strong>Due atti unici di Eduardo De Filippo, che, pur nella loro brevit\u00e0, sono paradigmatici di situazioni relazionali e conflittuali, riscontrabili nella vita quotidiana.<\/p>\n<p><strong>NAPULE\u00a0 DO\u2018 400\u00a0A MO\u2019<br \/>\n<\/strong>Tutta la storia della canzone classica napoletana dal \u2018400 fino ai giorni nostri, raccontata\u00a0 attraverso un ricco repertorio di melodie, balli, canzoni, prose e poesie.<strong>\u00a0<\/strong><\/p>\n<p><strong>LA FAVOLA\u00a0DEL \u00a0MARE<br \/>\n<\/strong>La vita raccontata da chi la vive dentro le acque del mare. Una Favola moderna che tratta il tema dell\u2019inquinamento causato dagli uomini dal punto di vista di chi tale inquinamento lo subisce in maniera forte e grave: gli abitanti del mare.<\/p>\n","protected":false},"excerpt":{"rendered":"<p>Da diversi anni l\u2019Associazione CARACAS, per agevolare le scolaresche della nostra Regione, offre la possibilit\u00e0 di assistere a veri e propri spettacoli teatrali presso le sedi scolastiche stesse. Inoltre, la Caracas, per la realizzazione degli spettacoli sotto elencati, si far\u00e0 carico di tutto il materiale occorrente (impianti audio, scene teatrali, costumi, ecc\u2026) Nella scelta e &hellip; <\/p>\n","protected":false},"author":3,"featured_media":0,"parent":0,"menu_order":0,"comment_status":"closed","ping_status":"closed","template":"","meta":{"footnotes":""},"_links":{"self":[{"href":"https:\/\/www.associazionecaracas.it\/index.php?rest_route=\/wp\/v2\/pages\/19"}],"collection":[{"href":"https:\/\/www.associazionecaracas.it\/index.php?rest_route=\/wp\/v2\/pages"}],"about":[{"href":"https:\/\/www.associazionecaracas.it\/index.php?rest_route=\/wp\/v2\/types\/page"}],"author":[{"embeddable":true,"href":"https:\/\/www.associazionecaracas.it\/index.php?rest_route=\/wp\/v2\/users\/3"}],"replies":[{"embeddable":true,"href":"https:\/\/www.associazionecaracas.it\/index.php?rest_route=%2Fwp%2Fv2%2Fcomments&post=19"}],"version-history":[{"count":10,"href":"https:\/\/www.associazionecaracas.it\/index.php?rest_route=\/wp\/v2\/pages\/19\/revisions"}],"predecessor-version":[{"id":3814,"href":"https:\/\/www.associazionecaracas.it\/index.php?rest_route=\/wp\/v2\/pages\/19\/revisions\/3814"}],"wp:attachment":[{"href":"https:\/\/www.associazionecaracas.it\/index.php?rest_route=%2Fwp%2Fv2%2Fmedia&parent=19"}],"curies":[{"name":"wp","href":"https:\/\/api.w.org\/{rel}","templated":true}]}}