{"id":1913,"date":"2010-11-01T12:28:41","date_gmt":"2010-11-01T11:28:41","guid":{"rendered":"https:\/\/www.associazionecaracas.it\/?page_id=1913"},"modified":"2019-10-15T23:52:05","modified_gmt":"2019-10-15T21:52:05","slug":"pulcinella-e-i-doni-di-natale","status":"publish","type":"page","link":"https:\/\/www.associazionecaracas.it\/?page_id=1913","title":{"rendered":"Pulcinella e i Colori del Natale"},"content":{"rendered":"<p style=\"text-align: justify;\">Quanti colori ha il Natale? Che sfumature ha una delle festivit\u00e0 pi\u00f9 attese dell\u2019anno? PULCINELLA E I COLORI DEL NATALE \u00e8 uno spettacolo teatrale, musicale, che associa ai temi del natale (La Pace, L\u2019amore, la fratellanza\u2026), la capacit\u00e0 di divertire, senza mai cadere nella banalit\u00e0, uno spazio di riflessione, affinch\u00e9 anche ai pi\u00f9 piccoli la festivit\u00e0 non appaia come sinonimo di superficialit\u00e0. Lo spettacolo ha come protagonisti Pulcinella, una ballerina e un soldatino che si ritrovano a vivere l\u2019esperienza del Natale da angolature diverse. Una bambina scrive una lettera a \u201cBabbo Natale\u201d innescando un meccanismo che produce una serie di Feed back che inseriscono i protagonisti in una rete di relazioni che li costringe ad interagire. Lo spettacolo \u00e8 pieno di colpi di scena, che costringer\u00e0 lo spettatore a confondere il sogno con la realt\u00e0. In esso vengono condannati tutti i tipi di violenza in particolare la guerra.<\/p>\n<pre><span style=\"color: #ff0000;\"><strong>Costo: \u20ac 4,00 - Adatto a: Scuola Primaria - PERIODO: Novembre e Dicembre<\/strong><\/span><\/pre>\n<p style=\"text-align: right;\"><strong><em><span style=\"color: #ff0000;\"><a href=\"https:\/\/www.associazionecaracas.it\/?page_id=795\"><span style=\"color: #ff0000;\">PRENOTA<\/span><\/a><\/span><\/em><\/strong><\/p>\n<table style=\"width: 575px; height: 433px;\" border=\"0\">\n<tbody>\n<tr>\n<td style=\"text-align: center;\"><span style=\"color: #ff0000;\"><strong><span style=\"font-size: large;\"><img loading=\"lazy\" decoding=\"async\" class=\"alignnone\" src=\"https:\/\/www.associazionecaracas.it\/img\/pulcinella3.jpg\" alt=\"Pulcinella\" width=\"148\" height=\"139\" \/><\/span><\/strong><\/span><\/td>\n<td style=\"text-align: center;\"><img loading=\"lazy\" decoding=\"async\" class=\"alignnone\" src=\"https:\/\/www.associazionecaracas.it\/img\/pulcinella5.jpg\" alt=\"Pulcinella\" width=\"115\" height=\"176\" \/><\/td>\n<td style=\"text-align: center;\"><img loading=\"lazy\" decoding=\"async\" class=\"alignnone\" src=\"https:\/\/www.associazionecaracas.it\/img\/pulcinella6.jpg\" alt=\"Pulcinella\" width=\"162\" height=\"110\" \/><\/td>\n<\/tr>\n<tr>\n<td><span style=\"color: #ff0000;\"><strong><span style=\"font-size: large;\"><img loading=\"lazy\" decoding=\"async\" class=\"alignnone\" src=\"https:\/\/www.associazionecaracas.it\/img\/pulcinella2.jpg\" alt=\"Pulcinella\" width=\"137\" height=\"121\" \/><\/span><\/strong><\/span><\/td>\n<td><img loading=\"lazy\" decoding=\"async\" class=\"alignnone\" src=\"https:\/\/www.associazionecaracas.it\/img\/pulcinella4.jpg\" alt=\"Pulcinella\" width=\"160\" height=\"116\" \/><\/td>\n<td style=\"text-align: center;\"><span style=\"color: #ff0000;\"><strong><span style=\"font-size: large;\"><img loading=\"lazy\" decoding=\"async\" class=\"alignnone\" src=\"https:\/\/www.associazionecaracas.it\/img\/pulcinella1.jpg\" alt=\"Pulcinella\" width=\"148\" height=\"122\" \/><\/span><\/strong><\/span><\/td>\n<\/tr>\n<\/tbody>\n<\/table>\n","protected":false},"excerpt":{"rendered":"<p>Quanti colori ha il Natale? Che sfumature ha una delle festivit\u00e0 pi\u00f9 attese dell\u2019anno? PULCINELLA E I COLORI DEL NATALE \u00e8 uno spettacolo teatrale, musicale, che associa ai temi del natale (La Pace, L\u2019amore, la fratellanza\u2026), la capacit\u00e0 di divertire, senza mai cadere nella banalit\u00e0, uno spazio di riflessione, affinch\u00e9 anche ai pi\u00f9 piccoli la &hellip; <\/p>\n","protected":false},"author":2,"featured_media":0,"parent":2705,"menu_order":2,"comment_status":"open","ping_status":"closed","template":"","meta":{"footnotes":""},"_links":{"self":[{"href":"https:\/\/www.associazionecaracas.it\/index.php?rest_route=\/wp\/v2\/pages\/1913"}],"collection":[{"href":"https:\/\/www.associazionecaracas.it\/index.php?rest_route=\/wp\/v2\/pages"}],"about":[{"href":"https:\/\/www.associazionecaracas.it\/index.php?rest_route=\/wp\/v2\/types\/page"}],"author":[{"embeddable":true,"href":"https:\/\/www.associazionecaracas.it\/index.php?rest_route=\/wp\/v2\/users\/2"}],"replies":[{"embeddable":true,"href":"https:\/\/www.associazionecaracas.it\/index.php?rest_route=%2Fwp%2Fv2%2Fcomments&post=1913"}],"version-history":[{"count":11,"href":"https:\/\/www.associazionecaracas.it\/index.php?rest_route=\/wp\/v2\/pages\/1913\/revisions"}],"predecessor-version":[{"id":3758,"href":"https:\/\/www.associazionecaracas.it\/index.php?rest_route=\/wp\/v2\/pages\/1913\/revisions\/3758"}],"up":[{"embeddable":true,"href":"https:\/\/www.associazionecaracas.it\/index.php?rest_route=\/wp\/v2\/pages\/2705"}],"wp:attachment":[{"href":"https:\/\/www.associazionecaracas.it\/index.php?rest_route=%2Fwp%2Fv2%2Fmedia&parent=1913"}],"curies":[{"name":"wp","href":"https:\/\/api.w.org\/{rel}","templated":true}]}}