{"id":2903,"date":"2012-10-08T21:27:19","date_gmt":"2012-10-08T19:27:19","guid":{"rendered":"https:\/\/www.associazionecaracas.it\/?page_id=2903"},"modified":"2019-10-16T00:04:51","modified_gmt":"2019-10-15T22:04:51","slug":"sogno-di-natale","status":"publish","type":"page","link":"https:\/\/www.associazionecaracas.it\/?page_id=2903","title":{"rendered":"Un Natale da Salvare"},"content":{"rendered":"<p>Spettacolo INTERATTIVO, che associa ai temi del Santo Natale (la pace, l\u2019amore, la fratellanza), tanto divertimento ed uno spazio di riflessione morale, affinch\u00e9 anche ai pi\u00f9 piccoli questa festivit\u00e0 non appaia come sinonimo di superficialit\u00e0.<br \/>\nUna bimba con l\u2019aiuto di Sarchiapone, un personaggio della tradizione napoletana,riuscir\u00e0 a sconfiggere un malefico Diavoletto, che in tutti i modi tenter\u00e0 di portar via il Natale a tutti i bambini del mondo. Emozioni e colpi di scena terranno incollati alle sedie i bambini presenti costringendoli a confondere il sogno con la realt\u00e0. Seguir\u00e0 una mini-conferenza con gli attori.<br \/>\nL\u2019associazione Caracas si far\u00e0 carico dell\u2019impianto LUCE &#8211; FONICO.<br \/>\nLo spettacolo \u00e8 adattabile a diversi spazi, aule, palestre, corridoi, ecc.<\/p>\n<pre><span style=\"color: #ff0000;\"><strong>Costo: \u20ac 4,00 - Adatto a: Scuola Primaria - PERIODO: Novembre, Dicembre e Gennaio<\/strong><\/span><\/pre>\n<p style=\"text-align: right;\"><strong><em><a href=\"https:\/\/www.associazionecaracas.it\/?page_id=795\">PRENOTA<\/a><\/em><\/strong><\/p>\n<table style=\"width: 467px; height: 220px;\" border=\"0\">\n<tbody>\n<tr>\n<td style=\"text-align: center;\"><span style=\"color: #ff0000;\"><strong><span style=\"font-size: large;\"><img loading=\"lazy\" decoding=\"async\" class=\"alignnone\" src=\"https:\/\/www.associazionecaracas.it\/img\/sogno1.jpg\" alt=\"Sogno di Natale\" width=\"160\" height=\"170\" \/><\/span><\/strong><\/span><\/td>\n<td style=\"text-align: center;\"><img loading=\"lazy\" decoding=\"async\" class=\"alignnone\" src=\"https:\/\/www.associazionecaracas.it\/img\/sogno2.jpg\" alt=\"Sogno di Natale\" width=\"120\" height=\"170\" \/><\/td>\n<td style=\"text-align: center;\"><img loading=\"lazy\" decoding=\"async\" class=\"alignnone\" src=\"https:\/\/www.associazionecaracas.it\/img\/sogno3.jpg\" alt=\"Sogno di Natale\" width=\"162\" height=\"170\" \/><\/td>\n<\/tr>\n<\/tbody>\n<\/table>\n","protected":false},"excerpt":{"rendered":"<p>Spettacolo INTERATTIVO, che associa ai temi del Santo Natale (la pace, l\u2019amore, la fratellanza), tanto divertimento ed uno spazio di riflessione morale, affinch\u00e9 anche ai pi\u00f9 piccoli questa festivit\u00e0 non appaia come sinonimo di superficialit\u00e0. Una bimba con l\u2019aiuto di Sarchiapone, un personaggio della tradizione napoletana,riuscir\u00e0 a sconfiggere un malefico Diavoletto, che in tutti i &hellip; <\/p>\n","protected":false},"author":2,"featured_media":0,"parent":2705,"menu_order":0,"comment_status":"open","ping_status":"closed","template":"","meta":{"footnotes":""},"_links":{"self":[{"href":"https:\/\/www.associazionecaracas.it\/index.php?rest_route=\/wp\/v2\/pages\/2903"}],"collection":[{"href":"https:\/\/www.associazionecaracas.it\/index.php?rest_route=\/wp\/v2\/pages"}],"about":[{"href":"https:\/\/www.associazionecaracas.it\/index.php?rest_route=\/wp\/v2\/types\/page"}],"author":[{"embeddable":true,"href":"https:\/\/www.associazionecaracas.it\/index.php?rest_route=\/wp\/v2\/users\/2"}],"replies":[{"embeddable":true,"href":"https:\/\/www.associazionecaracas.it\/index.php?rest_route=%2Fwp%2Fv2%2Fcomments&post=2903"}],"version-history":[{"count":4,"href":"https:\/\/www.associazionecaracas.it\/index.php?rest_route=\/wp\/v2\/pages\/2903\/revisions"}],"predecessor-version":[{"id":3767,"href":"https:\/\/www.associazionecaracas.it\/index.php?rest_route=\/wp\/v2\/pages\/2903\/revisions\/3767"}],"up":[{"embeddable":true,"href":"https:\/\/www.associazionecaracas.it\/index.php?rest_route=\/wp\/v2\/pages\/2705"}],"wp:attachment":[{"href":"https:\/\/www.associazionecaracas.it\/index.php?rest_route=%2Fwp%2Fv2%2Fmedia&parent=2903"}],"curies":[{"name":"wp","href":"https:\/\/api.w.org\/{rel}","templated":true}]}}