{"id":2916,"date":"2012-10-08T21:47:47","date_gmt":"2012-10-08T19:47:47","guid":{"rendered":"https:\/\/www.associazionecaracas.it\/?page_id=2916"},"modified":"2019-10-16T00:06:52","modified_gmt":"2019-10-15T22:06:52","slug":"racconti-di-babbo-natale","status":"publish","type":"page","link":"https:\/\/www.associazionecaracas.it\/?page_id=2916","title":{"rendered":"Racconti di Babbo Natale"},"content":{"rendered":"<p>Un simpaticissimo e divertente \u201cBabbo Natale\u201d accompagnato da \u201cNatalina\u201d, una sua aiutante molto buffa, avr\u00e0 da subito presa su tutti i piccoli spettatori, stabilendo con loro un rapporto di complicit\u00e0; coinvolger\u00e0, attraverso una serie di racconti, canzoncine e altro, tutti gli alunni presenti.<br \/>\nLo spettacolo, completamente interattivo, \u00e8 incentrato sull\u2019aspetto folkloristico e tradizionale di questo personaggio dell\u2019immaginario infantile e far\u00e0 si che tutti i bambini si appassionino e nello stesso tempo si sentiranno immersi in quell\u2019atmosfera gioiosa propria e tipica del Santo Natale.<br \/>\nL\u2019associazione Caracas si far\u00e0 carico dell\u2019impianto LUCE &#8211; FONICO.<br \/>\nLo spettacolo \u00e8 adattabile a diversi spazi, aule, palestre, corridoi, ecc.<\/p>\n<pre><span style=\"color: #ff0000;\"><strong>Costo: \u20ac 3,00 - Adatto a: Scuola dell\u2019Infanzia e Scuola Primaria\nPERIODO: Novembre, Dicembre e Gennaio<\/strong><\/span><\/pre>\n<p style=\"text-align: right;\"><strong><em><a href=\"https:\/\/www.associazionecaracas.it\/?page_id=795\">PRENOTA<\/a><\/em><\/strong><\/p>\n","protected":false},"excerpt":{"rendered":"<p>Un simpaticissimo e divertente \u201cBabbo Natale\u201d accompagnato da \u201cNatalina\u201d, una sua aiutante molto buffa, avr\u00e0 da subito presa su tutti i piccoli spettatori, stabilendo con loro un rapporto di complicit\u00e0; coinvolger\u00e0, attraverso una serie di racconti, canzoncine e altro, tutti gli alunni presenti. Lo spettacolo, completamente interattivo, \u00e8 incentrato sull\u2019aspetto folkloristico e tradizionale di questo &hellip; <\/p>\n","protected":false},"author":2,"featured_media":0,"parent":2705,"menu_order":0,"comment_status":"closed","ping_status":"closed","template":"","meta":{"footnotes":""},"_links":{"self":[{"href":"https:\/\/www.associazionecaracas.it\/index.php?rest_route=\/wp\/v2\/pages\/2916"}],"collection":[{"href":"https:\/\/www.associazionecaracas.it\/index.php?rest_route=\/wp\/v2\/pages"}],"about":[{"href":"https:\/\/www.associazionecaracas.it\/index.php?rest_route=\/wp\/v2\/types\/page"}],"author":[{"embeddable":true,"href":"https:\/\/www.associazionecaracas.it\/index.php?rest_route=\/wp\/v2\/users\/2"}],"replies":[{"embeddable":true,"href":"https:\/\/www.associazionecaracas.it\/index.php?rest_route=%2Fwp%2Fv2%2Fcomments&post=2916"}],"version-history":[{"count":3,"href":"https:\/\/www.associazionecaracas.it\/index.php?rest_route=\/wp\/v2\/pages\/2916\/revisions"}],"predecessor-version":[{"id":3769,"href":"https:\/\/www.associazionecaracas.it\/index.php?rest_route=\/wp\/v2\/pages\/2916\/revisions\/3769"}],"up":[{"embeddable":true,"href":"https:\/\/www.associazionecaracas.it\/index.php?rest_route=\/wp\/v2\/pages\/2705"}],"wp:attachment":[{"href":"https:\/\/www.associazionecaracas.it\/index.php?rest_route=%2Fwp%2Fv2%2Fmedia&parent=2916"}],"curies":[{"name":"wp","href":"https:\/\/api.w.org\/{rel}","templated":true}]}}