{"id":3784,"date":"2019-10-16T00:34:30","date_gmt":"2019-10-15T22:34:30","guid":{"rendered":"https:\/\/www.associazionecaracas.it\/?page_id=3784"},"modified":"2019-10-16T00:59:12","modified_gmt":"2019-10-15T22:59:12","slug":"finalmente-e-carnevale","status":"publish","type":"page","link":"https:\/\/www.associazionecaracas.it\/?page_id=3784","title":{"rendered":"Finalmente \u00e8 Carnevale"},"content":{"rendered":"\n<p>Senza\nombra di dubbio la festa del Carnevale rappresenta uno degli eventi pi\u00f9 attesi\nda grandi e piccini! \u201cFinalmente \u00e8 Carnevale\u201d \u00e8 uno spettacolo che tra scherzi,\nmusica ed interazione con gli attori in scena, far\u00e0 si che tutte queste attese\nverranno rispettate. <\/p>\n\n\n\n<p>Un grande coinvolgimento in quello che sar\u00e0 un racconto teatrale e musicale che vedr\u00e0 in scena Pulcinella e molte altre maschere della tradizione partenopea e non solo, tra GAG, intrecci e vicende buffe che avranno come unico scopo quello di far divertire i presenti.<\/p>\n\n\n\n<p><strong>Costo: \u20ac 4,50 &#8211; Adatto a: 2\u00b0 ciclo della Scuola Primaria &#8211; Secondaria di I grado &#8211; PERIODO: dal 25 Gennaio al 5 marzo<\/strong><\/p>\n\n\n\n<h4 class=\"wp-block-heading\" style=\"text-align:right\"><em><strong><a href=\"https:\/\/www.associazionecaracas.it\/?page_id=795\">PRENOTA<\/a><\/strong><\/em><\/h4>\n","protected":false},"excerpt":{"rendered":"<p>Senza ombra di dubbio la festa del Carnevale rappresenta uno degli eventi pi\u00f9 attesi da grandi e piccini! \u201cFinalmente \u00e8 Carnevale\u201d \u00e8 uno spettacolo che tra scherzi, musica ed interazione con gli attori in scena, far\u00e0 si che tutte queste attese verranno rispettate. Un grande coinvolgimento in quello che sar\u00e0 un racconto teatrale e musicale &hellip; <\/p>\n","protected":false},"author":2,"featured_media":0,"parent":0,"menu_order":0,"comment_status":"closed","ping_status":"closed","template":"","meta":{"footnotes":""},"_links":{"self":[{"href":"https:\/\/www.associazionecaracas.it\/index.php?rest_route=\/wp\/v2\/pages\/3784"}],"collection":[{"href":"https:\/\/www.associazionecaracas.it\/index.php?rest_route=\/wp\/v2\/pages"}],"about":[{"href":"https:\/\/www.associazionecaracas.it\/index.php?rest_route=\/wp\/v2\/types\/page"}],"author":[{"embeddable":true,"href":"https:\/\/www.associazionecaracas.it\/index.php?rest_route=\/wp\/v2\/users\/2"}],"replies":[{"embeddable":true,"href":"https:\/\/www.associazionecaracas.it\/index.php?rest_route=%2Fwp%2Fv2%2Fcomments&post=3784"}],"version-history":[{"count":2,"href":"https:\/\/www.associazionecaracas.it\/index.php?rest_route=\/wp\/v2\/pages\/3784\/revisions"}],"predecessor-version":[{"id":3796,"href":"https:\/\/www.associazionecaracas.it\/index.php?rest_route=\/wp\/v2\/pages\/3784\/revisions\/3796"}],"wp:attachment":[{"href":"https:\/\/www.associazionecaracas.it\/index.php?rest_route=%2Fwp%2Fv2%2Fmedia&parent=3784"}],"curies":[{"name":"wp","href":"https:\/\/api.w.org\/{rel}","templated":true}]}}