{"id":3800,"date":"2019-10-16T01:05:47","date_gmt":"2019-10-15T23:05:47","guid":{"rendered":"https:\/\/www.associazionecaracas.it\/?page_id=3800"},"modified":"2019-10-16T01:05:47","modified_gmt":"2019-10-15T23:05:47","slug":"pulcinella-e-colombina","status":"publish","type":"page","link":"https:\/\/www.associazionecaracas.it\/?page_id=3800","title":{"rendered":"Pulcinella e Colombina"},"content":{"rendered":"\n<p>Una divertentissima rappresentazione teatrale e musicale, nata per soddisfare e accontentare anche le esigenze dei pi\u00f9 piccoli e precisamente dei bambini di scuola materna e della scuola primaria. Pulcinella, Colombina e il \u201ccattivo\u201d padrone Monsieur Cipolla, famoso personaggio della Commedia dell\u2019Arte,<strong> <\/strong>coinvolgeranno gli alunni con racconti, musiche e canzoni, passando dalla variet\u00e0 culinaria alle vicende intrecciate al mistero, alla leggenda e alla storia della nostra citt\u00e0. Tanto divertimento ma anche notizie e curiosit\u00e0 sulla storia della maschera pi\u00f9 popolare del mondo.<\/p>\n\n\n\n<p><br> <strong>Costo: \u20ac 3,50 &#8211; Adatto a: Scuola dell\u2019Infanzia e Primaria &#8211; PERIODO: dal 25 Gennaio al 5 marzo<\/strong><\/p>\n\n\n\n<h4 class=\"wp-block-heading\" style=\"text-align:right\"><em><strong>PRENOTA<\/strong><\/em><\/h4>\n","protected":false},"excerpt":{"rendered":"<p>Una divertentissima rappresentazione teatrale e musicale, nata per soddisfare e accontentare anche le esigenze dei pi\u00f9 piccoli e precisamente dei bambini di scuola materna e della scuola primaria. Pulcinella, Colombina e il \u201ccattivo\u201d padrone Monsieur Cipolla, famoso personaggio della Commedia dell\u2019Arte, coinvolgeranno gli alunni con racconti, musiche e canzoni, passando dalla variet\u00e0 culinaria alle vicende &hellip; <\/p>\n","protected":false},"author":2,"featured_media":0,"parent":0,"menu_order":0,"comment_status":"closed","ping_status":"closed","template":"","meta":{"footnotes":""},"_links":{"self":[{"href":"https:\/\/www.associazionecaracas.it\/index.php?rest_route=\/wp\/v2\/pages\/3800"}],"collection":[{"href":"https:\/\/www.associazionecaracas.it\/index.php?rest_route=\/wp\/v2\/pages"}],"about":[{"href":"https:\/\/www.associazionecaracas.it\/index.php?rest_route=\/wp\/v2\/types\/page"}],"author":[{"embeddable":true,"href":"https:\/\/www.associazionecaracas.it\/index.php?rest_route=\/wp\/v2\/users\/2"}],"replies":[{"embeddable":true,"href":"https:\/\/www.associazionecaracas.it\/index.php?rest_route=%2Fwp%2Fv2%2Fcomments&post=3800"}],"version-history":[{"count":1,"href":"https:\/\/www.associazionecaracas.it\/index.php?rest_route=\/wp\/v2\/pages\/3800\/revisions"}],"predecessor-version":[{"id":3801,"href":"https:\/\/www.associazionecaracas.it\/index.php?rest_route=\/wp\/v2\/pages\/3800\/revisions\/3801"}],"wp:attachment":[{"href":"https:\/\/www.associazionecaracas.it\/index.php?rest_route=%2Fwp%2Fv2%2Fmedia&parent=3800"}],"curies":[{"name":"wp","href":"https:\/\/api.w.org\/{rel}","templated":true}]}}