{"id":86,"date":"2009-12-17T16:51:33","date_gmt":"2009-12-17T21:51:33","guid":{"rendered":"https:\/\/www.associazionecaracas.it\/?page_id=86"},"modified":"2013-01-11T19:11:53","modified_gmt":"2013-01-11T18:11:53","slug":"collaboratori","status":"publish","type":"page","link":"https:\/\/www.associazionecaracas.it\/?page_id=86","title":{"rendered":"Collaboratori"},"content":{"rendered":"<table style=\"width: 590px; height: 469px; border: 0pt solid;\" border=\"0\" cellspacing=\"10\" align=\"left\">\n<tbody>\n<tr>\n<td>\n<div style=\"text-align: center;\"><img loading=\"lazy\" decoding=\"async\" class=\"size-full wp-image-169 alignnone\" title=\"tommaso_galli\" src=\"https:\/\/www.associazionecaracas.it\/wp-content\/uploads\/2009\/12\/tommaso_galli.jpg\" alt=\"tommaso_galli\" width=\"120\" height=\"103\" \/><\/div>\n<\/td>\n<td style=\"text-align: left;\"><span style=\"color: #ff6600;\"><strong>Tommaso Galli<\/strong><\/span> &#8211; Laureato in Filosofia e diplomato in Chitarra Classica, \u00e8 docente di scuola media superiore. Inoltre lavora come mediatore familiare presso associazioni e centri specializzati. \u00c8 tra i fondatori della Caracas e collabora in qualit\u00e0 di musicista e sovrintende alla progettazione ed all\u2019organizzazione delle varie attivit\u00e0.<\/td>\n<\/tr>\n<tr>\n<td style=\"text-align: right;\"><strong><span style=\"color: #ff6600;\">Francesca Russo<\/span><\/strong> &#8211; Laureata in Scienze e Tecnologie Alimentari, studia ed insegna danza, canto e recitazione. Dal 2005 collabora con la Caracas come attrice nelle drammatizzazioni all\u2019interno dei siti archeologici nonch\u00e9 negli spettacoli prodotti dall\u2019Associazione<\/td>\n<td>\n<p style=\"text-align: center;\"><img loading=\"lazy\" decoding=\"async\" class=\"size-full wp-image-173 alignnone\" title=\"francesca_russo\" src=\"https:\/\/www.associazionecaracas.it\/wp-content\/uploads\/2009\/12\/francesca_russo.jpg\" alt=\"francesca_russo\" width=\"109\" height=\"105\" \/><\/p>\n<\/td>\n<\/tr>\n<tr>\n<td>\n<div style=\"text-align: center;\"><img loading=\"lazy\" decoding=\"async\" class=\"size-full wp-image-188 alignnone\" title=\"alberto_dangelo\" src=\"https:\/\/www.associazionecaracas.it\/wp-content\/uploads\/2009\/12\/alberto_dangelo.jpg\" alt=\"alberto_dangelo\" width=\"110\" height=\"92\" \/><\/div>\n<\/td>\n<td><strong><span style=\"color: #ff6600;\">Alberto D\u2019Angelo<\/span><\/strong> &#8211; Attore professionista, dopo un esordio importante (la Smorfia), si dedica al teatro non solo in qualit\u00e0 di interprete ma anche di autore di numerosi testi teatrali, tra cui spiccano alcuni adattamenti messi in scena dalla nostra stessa associazione. \u00c8 tra gli interpreti pi\u00f9 interessanti della Maschera di Pulcinella<\/td>\n<\/tr>\n<tr>\n<td style=\"text-align: right;\"><span style=\"color: #ff6600;\"><strong>Rosaria Toso<\/span><\/strong> &#8211; Laureata in Scienze della Formazione, \u00e8 docente di scuola primaria. Collabora con l&#8217;Associazione CARACAS da diversi anni in qualit\u00e0 di redattrice, supervisore e coordinatrice delle attivit\u00e0\u00a0teatrali.<\/td>\n<td>\n<p style=\"text-align: center;\"><img loading=\"lazy\" decoding=\"async\" class=\"size-full wp-image-173 alignnone\" title=\"rosaria_toso\" src=\"https:\/\/www.associazionecaracas.it\/img\/rosaria_toso.jpg\" alt=\"rosaria_toso\" width=\"79\" height=\"105\" \/><\/p>\n<\/td>\n<\/tr>\n<tr>\n<td>\n<div style=\"text-align: center;\"><img loading=\"lazy\" decoding=\"async\" class=\"size-full wp-image-188 alignnone\" title=\"marcello_cozzolino\" src=\"https:\/\/www.associazionecaracas.it\/wp-content\/uploads\/2009\/12\/marcello_cozzolino.jpg\" alt=\"alberto_dangelo\" width=\"110\" height=\"92\" \/><\/div>\n<\/td>\n<td style=\"text-align: right;\"><span style=\"color: #ff6600;\"><strong>Marcello Cozzolino<\/strong><\/span> &#8211; Laureato in Sociologia, dal 2005 collabora con l\u2019Associazione Caracas nelle vesti di attore, cantante, musicista, animatore presso i siti archeologici della Campania, per i laboratori teatrali, gli stage di formazione e le rappresentazioni di spettacoli musicali e teatrali.<\/td>\n<\/tr>\n<\/tbody>\n<\/table>\n","protected":false},"excerpt":{"rendered":"<p>Tommaso Galli &#8211; Laureato in Filosofia e diplomato in Chitarra Classica, \u00e8 docente di scuola media superiore. Inoltre lavora come mediatore familiare presso associazioni e centri specializzati. \u00c8 tra i fondatori della Caracas e collabora in qualit\u00e0 di musicista e sovrintende alla progettazione ed all\u2019organizzazione delle varie attivit\u00e0. Francesca Russo &#8211; Laureata in Scienze e &hellip; <\/p>\n","protected":false},"author":2,"featured_media":0,"parent":84,"menu_order":3,"comment_status":"closed","ping_status":"closed","template":"","meta":{"footnotes":""},"_links":{"self":[{"href":"https:\/\/www.associazionecaracas.it\/index.php?rest_route=\/wp\/v2\/pages\/86"}],"collection":[{"href":"https:\/\/www.associazionecaracas.it\/index.php?rest_route=\/wp\/v2\/pages"}],"about":[{"href":"https:\/\/www.associazionecaracas.it\/index.php?rest_route=\/wp\/v2\/types\/page"}],"author":[{"embeddable":true,"href":"https:\/\/www.associazionecaracas.it\/index.php?rest_route=\/wp\/v2\/users\/2"}],"replies":[{"embeddable":true,"href":"https:\/\/www.associazionecaracas.it\/index.php?rest_route=%2Fwp%2Fv2%2Fcomments&post=86"}],"version-history":[{"count":0,"href":"https:\/\/www.associazionecaracas.it\/index.php?rest_route=\/wp\/v2\/pages\/86\/revisions"}],"up":[{"embeddable":true,"href":"https:\/\/www.associazionecaracas.it\/index.php?rest_route=\/wp\/v2\/pages\/84"}],"wp:attachment":[{"href":"https:\/\/www.associazionecaracas.it\/index.php?rest_route=%2Fwp%2Fv2%2Fmedia&parent=86"}],"curies":[{"name":"wp","href":"https:\/\/api.w.org\/{rel}","templated":true}]}}