{"id":89,"date":"2009-12-17T16:53:45","date_gmt":"2009-12-17T21:53:45","guid":{"rendered":"https:\/\/www.associazionecaracas.it\/?page_id=89"},"modified":"2010-02-01T09:23:31","modified_gmt":"2010-02-01T08:23:31","slug":"storia","status":"publish","type":"page","link":"https:\/\/www.associazionecaracas.it\/?page_id=89","title":{"rendered":"La Storia&#8230;"},"content":{"rendered":"<p><strong><span style=\"font-size: medium;\"><span style=\"color: #ffcc00;\">CARACAS: UNA SCOMMESSA VINTA!<\/span><\/span><\/strong><\/p>\n<p>L&#8217;associazione Caracas, fondata nel 1999, si pone come obiettivo primario la divulgazione\u00a0 della cultura artistica, letteraria e sportiva. Il target di riferimento principale sono gli studenti delle scuole.\u00a0 I luoghi dove il senso del passato rivive nelle parole e nei libri. Ma i luoghi dove \u00e8 sempre pi\u00f9 difficile confrontarsi con linguaggi diversi. Proprio questo si pone come obiettivo l\u2019associazione: far rivivere la gioia della ricerca delle origini, in una forma vivificata dalla parola e dall\u2019azione del teatro. A tal scopo, l&#8217;Associazione si avvale della collaborazione di specialisti di provata professionalit\u00e0 ed esperienza nei vari settori. Per questo il punto di forza della Caracas sono le drammatizzazioni storiche all&#8217;interno dei pi\u00f9 importanti siti archeologici della nostra regione (l&#8217;Acropoli di Cuma, il Castello Aragonese di Baia, l&#8217;Anfiteatro Flavio di Pozzuoli, le Terme di Baia, la Villa di Poppea ad Oplontis, gli scavi di Ercolano, ecc.) e i laboratori teatrali all\u2019interno delle scuole di ogni ordine e grado,(in particolare, vanno sottolineate le collaborazioni tra la Caracas e le seguenti scuole: Villanova, Quarati, Cimarosa, Borsellino, Siani, S.Caterina da Siena, Belvedere, il Liceo G.Vico, e l\u2019I.P.S.A.R. Telese).<\/p>\n<p>L\u2019Associazione propone anche laboratori storico-teatrali, musicali e socio-pedagogici da svolgere parallelamente alla programmazione scolastica. Inoltre Caracas \u00e8 da sempre molto vicina al mondo del &#8220;disagio&#8221; fisico e sociale, ed opera anche nella sfera del volontariato e dell&#8217;integrazione.<\/p>\n<p>Proprio in questi contesti di disagio, l\u2019associazione \u00e8 riuscita a raggiungere i migliori risultati.<\/p>\n<p>Scegliere Caracas vuol dire quindi essere nelle mani di professionisti che lavorano da anni con successo nei propri campi di competenza, come testimoniato da tutti gli organi e le scuole che nel corso di questi anni hanno preso parte alle iniziative culturali dell\u2019Associazione, nonch\u00e9 dalle numerosi istituzioni che hanno sempre appoggiato le nostre attivit\u00e0, rilasciando le autorizzazioni ed i patrocini morali necessari ad espletare le funzioni dell&#8217;Associazione stessa.<\/p>\n<p>Cogliamo qui l\u2019occasione per ringraziare tutti coloro che ci hanno fornito l&#8217;opportunit\u00e0 di dare vita ad ogni progetto, ed in particolare i nostri ringraziamenti vanno al dott. Alberto Bottino, al dott. Stefano De Caro, al prof. Giovanni Guzzo, al dott. Paolo Caputo, alla dott.ssa Costanza Gialanella, alla dott.ssa Paola Miniero, al dott. Lorenzo Fergola, alla dott.ssa Maria Paola Guidobaldi, alla dott.ssa Cipriani, alla dott.ssa Stefania Saviano.<\/p>\n<p>Nel 1999, la Caracas nasceva scommettendo sulla possibilit\u00e0 di lavorare con le scolaresche creando il binomio insegnamento-divertimento e oggi possiamo tranquillamente affermare di aver vinto tale scommessa. Tuttavia tale vittoria \u00e8 solo un nuovo punto di partenza per una sempre maggiore crescita della qualit\u00e0 e della variet\u00e0 dei servizi offerti.<\/p>\n<p>Cosa dire di pi\u00f9? Contattateci, vi aspettiamo.<\/p>\n<p>Grazie.<\/p>\n<p style=\"text-align: right;\"><strong>Armando Chartier<\/strong><\/p>\n<p style=\"text-align: right;\"><strong>Presidente Associazione CARACAS<\/strong><\/p>\n","protected":false},"excerpt":{"rendered":"<p>CARACAS: UNA SCOMMESSA VINTA! L&#8217;associazione Caracas, fondata nel 1999, si pone come obiettivo primario la divulgazione\u00a0 della cultura artistica, letteraria e sportiva. Il target di riferimento principale sono gli studenti delle scuole.\u00a0 I luoghi dove il senso del passato rivive nelle parole e nei libri. Ma i luoghi dove \u00e8 sempre pi\u00f9 difficile confrontarsi con &hellip; <\/p>\n","protected":false},"author":3,"featured_media":0,"parent":84,"menu_order":1,"comment_status":"closed","ping_status":"closed","template":"","meta":{"footnotes":""},"_links":{"self":[{"href":"https:\/\/www.associazionecaracas.it\/index.php?rest_route=\/wp\/v2\/pages\/89"}],"collection":[{"href":"https:\/\/www.associazionecaracas.it\/index.php?rest_route=\/wp\/v2\/pages"}],"about":[{"href":"https:\/\/www.associazionecaracas.it\/index.php?rest_route=\/wp\/v2\/types\/page"}],"author":[{"embeddable":true,"href":"https:\/\/www.associazionecaracas.it\/index.php?rest_route=\/wp\/v2\/users\/3"}],"replies":[{"embeddable":true,"href":"https:\/\/www.associazionecaracas.it\/index.php?rest_route=%2Fwp%2Fv2%2Fcomments&post=89"}],"version-history":[{"count":0,"href":"https:\/\/www.associazionecaracas.it\/index.php?rest_route=\/wp\/v2\/pages\/89\/revisions"}],"up":[{"embeddable":true,"href":"https:\/\/www.associazionecaracas.it\/index.php?rest_route=\/wp\/v2\/pages\/84"}],"wp:attachment":[{"href":"https:\/\/www.associazionecaracas.it\/index.php?rest_route=%2Fwp%2Fv2%2Fmedia&parent=89"}],"curies":[{"name":"wp","href":"https:\/\/api.w.org\/{rel}","templated":true}]}}